{"id":23,"date":"2015-10-06T14:59:47","date_gmt":"2015-10-06T14:59:47","guid":{"rendered":"http:\/\/enlainternet2.com\/sistecopy\/?page_id=23"},"modified":"2016-06-07T20:04:33","modified_gmt":"2016-06-07T20:04:33","slug":"multifuncionales-venta-y-renta","status":"publish","type":"page","link":"https:\/\/sistecopy.com\/?page_id=23","title":{"rendered":"MULTIFUNCIONALES VENTA Y RENTA"},"content":{"rendered":"<p style=\"text-align: justify;\"><img loading=\"lazy\" decoding=\"async\" class=\"alignright wp-image-93\" src=\"https:\/\/sistecopy.com\/wp-content\/uploads\/2015\/10\/SHARP.jpg\" alt=\"SHARP\" width=\"300\" height=\"175\" srcset=\"https:\/\/sistecopy.com\/wp-content\/uploads\/2015\/10\/SHARP.jpg 400w, https:\/\/sistecopy.com\/wp-content\/uploads\/2015\/10\/SHARP-300x175.jpg 300w\" sizes=\"auto, (max-width: 300px) 100vw, 300px\" \/>En <strong>Sistecopy<\/strong> tenemos m\u00e1s de <strong>31 a\u00f1os<\/strong> de convivir a diario con el proceso de documentos los cuales a trav\u00e9s de estos a\u00f1os han sufrido cambios sustanciales y hecho la vida cada vez m\u00e1s amable de todos nuestros clientes y amigos en este rubro.<\/p>\n<p>Somos <strong>distribuidores autorizados de Sharp<\/strong> siendo esta una de las mejores empresas en el mundo en lo que se refiere a tecnolog\u00eda en impresi\u00f3n digital, pantallas, iluminaci\u00f3n led y paneles solares, con lo que nos posicionamos y logramos avanzar en servir a todos nuestros clientes de las \u00e1reas corporativas, educativas y de gobierno logrando con esta tecnolog\u00eda que lo que ahora utilizas como una copiadora evolucione el manejo de documento para convertirse en:<\/p>\n<div class=\"su-row\"><div class=\"su-column su-column-size-1-3\"><div class=\"su-column-inner su-u-clearfix su-u-trim\">\n<p><img loading=\"lazy\" decoding=\"async\" class=\"size-full wp-image-95 aligncenter\" src=\"https:\/\/sistecopy.com\/wp-content\/uploads\/2015\/10\/I1.jpg\" alt=\"I1\" width=\"300\" height=\"314\" srcset=\"https:\/\/sistecopy.com\/wp-content\/uploads\/2015\/10\/I1.jpg 300w, https:\/\/sistecopy.com\/wp-content\/uploads\/2015\/10\/I1-287x300.jpg 287w\" sizes=\"auto, (max-width: 300px) 100vw, 300px\" \/><\/p>\n<p style=\"text-align: center;\"><strong>1.- Una potente impresora<\/strong> que te permite eliminar peque\u00f1as impresoras.<\/p>\n<\/div><\/div>\n<div class=\"su-column su-column-size-1-3\"><div class=\"su-column-inner su-u-clearfix su-u-trim\">\n<p><img loading=\"lazy\" decoding=\"async\" class=\"size-full wp-image-96 aligncenter\" src=\"https:\/\/sistecopy.com\/wp-content\/uploads\/2015\/10\/I2.jpg\" alt=\"I2\" width=\"300\" height=\"314\" srcset=\"https:\/\/sistecopy.com\/wp-content\/uploads\/2015\/10\/I2.jpg 300w, https:\/\/sistecopy.com\/wp-content\/uploads\/2015\/10\/I2-287x300.jpg 287w\" sizes=\"auto, (max-width: 300px) 100vw, 300px\" \/><\/p>\n<p style=\"text-align: center;\"><strong>2.- Esc\u00e1ner<\/strong> de alta resoluci\u00f3n y rapidez.<\/p>\n<\/div><\/div>\n<div class=\"su-column su-column-size-1-3\"><div class=\"su-column-inner su-u-clearfix su-u-trim\">\n<p><img loading=\"lazy\" decoding=\"async\" class=\"size-full wp-image-97 aligncenter\" src=\"https:\/\/sistecopy.com\/wp-content\/uploads\/2015\/10\/I3.jpg\" alt=\"I3\" width=\"300\" height=\"314\" srcset=\"https:\/\/sistecopy.com\/wp-content\/uploads\/2015\/10\/I3.jpg 300w, https:\/\/sistecopy.com\/wp-content\/uploads\/2015\/10\/I3-287x300.jpg 287w\" sizes=\"auto, (max-width: 300px) 100vw, 300px\" \/><\/p>\n<p style=\"text-align: center;\"><strong>3.- Env\u00edo<\/strong> directo de tus documentos en el multifuncional a E-MAIL o USB.<\/p>\n<\/div><\/div> <\/div>\n<hr \/>\n<p>&nbsp;<\/p>\n<div class=\"su-row\"><div class=\"su-column su-column-size-1-3\"><div class=\"su-column-inner su-u-clearfix su-u-trim\">\n<p><img loading=\"lazy\" decoding=\"async\" class=\"size-full wp-image-98 aligncenter\" src=\"http:\/\/enlainternet2.com\/sistecopy\/wp-content\/uploads\/2015\/10\/I4.jpg\" alt=\"I4\" width=\"300\" height=\"314\" srcset=\"https:\/\/sistecopy.com\/wp-content\/uploads\/2015\/10\/I4.jpg 300w, https:\/\/sistecopy.com\/wp-content\/uploads\/2015\/10\/I4-287x300.jpg 287w\" sizes=\"auto, (max-width: 300px) 100vw, 300px\" \/><\/p>\n<p style=\"text-align: center;\"><strong>4.- Seguridad y confiabilidad<\/strong> en el manejo y proceso de tus documentos confidenciales.<\/p>\n<\/div><\/div>\n<div class=\"su-column su-column-size-1-3\"><div class=\"su-column-inner su-u-clearfix su-u-trim\">\n<p><img loading=\"lazy\" decoding=\"async\" class=\"size-full wp-image-100 aligncenter\" src=\"https:\/\/sistecopy.com\/wp-content\/uploads\/2015\/10\/I5.jpg\" alt=\"I5\" width=\"300\" height=\"314\" srcset=\"https:\/\/sistecopy.com\/wp-content\/uploads\/2015\/10\/I5.jpg 300w, https:\/\/sistecopy.com\/wp-content\/uploads\/2015\/10\/I5-287x300.jpg 287w\" sizes=\"auto, (max-width: 300px) 100vw, 300px\" \/><\/p>\n<p style=\"text-align: center;\"><strong>5.- Manejo y procesamiento<\/strong> de documentos que quiz\u00e1 no sean necesarios de imprimir.<\/p>\n<\/div><\/div>\n<div class=\"su-column su-column-size-1-3\"><div class=\"su-column-inner su-u-clearfix su-u-trim\">\n<p><img loading=\"lazy\" decoding=\"async\" class=\"size-full wp-image-99 aligncenter\" src=\"https:\/\/sistecopy.com\/wp-content\/uploads\/2015\/10\/I6.jpg\" alt=\"I6\" width=\"300\" height=\"314\" srcset=\"https:\/\/sistecopy.com\/wp-content\/uploads\/2015\/10\/I6.jpg 300w, https:\/\/sistecopy.com\/wp-content\/uploads\/2015\/10\/I6-287x300.jpg 287w\" sizes=\"auto, (max-width: 300px) 100vw, 300px\" \/><\/p>\n<p style=\"text-align: center;\"><strong>6.- Ahorro<\/strong> sustancial en el costo de blanco\/negro y color de todo lo que imprimas.<\/p>\n<p>&nbsp;<\/p>\n<\/div><\/div> <\/div>\n<p>&nbsp;<\/p>\n<hr \/>\n<p>&nbsp;<\/p>\n<div class=\"su-row\"><div class=\"su-column su-column-size-1-3\"><div class=\"su-column-inner su-u-clearfix su-u-trim\">\n<p><img loading=\"lazy\" decoding=\"async\" class=\"size-full wp-image-102 aligncenter\" src=\"https:\/\/sistecopy.com\/wp-content\/uploads\/2015\/10\/I7.jpg\" alt=\"I7\" width=\"300\" height=\"314\" srcset=\"https:\/\/sistecopy.com\/wp-content\/uploads\/2015\/10\/I7.jpg 300w, https:\/\/sistecopy.com\/wp-content\/uploads\/2015\/10\/I7-287x300.jpg 287w\" sizes=\"auto, (max-width: 300px) 100vw, 300px\" \/><\/p>\n<p style=\"text-align: center;\">7.- Apoyo de la tecnolog\u00eda <strong>aquos board<\/strong> que combina el uso de multifuncionales con la exposici\u00f3n de cualquier tipo de ense\u00f1anza local o de manera remota para un avance claro y \u00f3ptimo en la compresi\u00f3n.<\/p>\n<p>&nbsp;<\/p>\n<\/div><\/div>\n<div class=\"su-column su-column-size-1-3\"><div class=\"su-column-inner su-u-clearfix su-u-trim\">\n<p><img loading=\"lazy\" decoding=\"async\" class=\"size-full wp-image-103 aligncenter\" src=\"https:\/\/sistecopy.com\/wp-content\/uploads\/2015\/10\/I8.jpg\" alt=\"I8\" width=\"300\" height=\"314\" srcset=\"https:\/\/sistecopy.com\/wp-content\/uploads\/2015\/10\/I8.jpg 300w, https:\/\/sistecopy.com\/wp-content\/uploads\/2015\/10\/I8-287x300.jpg 287w\" sizes=\"auto, (max-width: 300px) 100vw, 300px\" \/><\/p>\n<p style=\"text-align: center;\"><strong>8.- Un traje a la medida<\/strong> de sus impresiones, copiado y escaner blanco\/negro y a color cubriendo desde la m\u00e1s peque\u00f1a empresa o instituci\u00f3n hasta la m\u00e1s grande que pueda existir en M\u00e9xico como lo pueden ser TELMEX y CFE, actuales clientes de nuestro aliado.<\/p>\n<p>&nbsp;<\/p>\n<\/div><\/div>\n<div class=\"su-column su-column-size-1-3\"><div class=\"su-column-inner su-u-clearfix su-u-trim\">\n<p><img loading=\"lazy\" decoding=\"async\" class=\"size-full wp-image-104 aligncenter\" src=\"https:\/\/sistecopy.com\/wp-content\/uploads\/2015\/10\/I9.jpg\" alt=\"I9\" width=\"300\" height=\"314\" srcset=\"https:\/\/sistecopy.com\/wp-content\/uploads\/2015\/10\/I9.jpg 300w, https:\/\/sistecopy.com\/wp-content\/uploads\/2015\/10\/I9-287x300.jpg 287w\" sizes=\"auto, (max-width: 300px) 100vw, 300px\" \/><\/p>\n<p style=\"text-align: center;\"><strong>9.- Equipos amigables<\/strong> con el <strong>medio ambiente<\/strong>, al igual que todos nuestros procesos de impresi\u00f3n.<\/p>\n<p>&nbsp;<\/p>\n<\/div><\/div> <\/div>\n","protected":false},"excerpt":{"rendered":"<p>En Sistecopy tenemos m\u00e1s de 31 a\u00f1os de convivir a diario con el proceso de documentos los cuales a trav\u00e9s de estos a\u00f1os han sufrido cambios sustanciales y hecho la vida cada vez m\u00e1s amable de todos nuestros clientes y&hellip; <\/p>\n","protected":false},"author":1,"featured_media":0,"parent":0,"menu_order":0,"comment_status":"closed","ping_status":"closed","template":"","meta":{"footnotes":""},"class_list":["post-23","page","type-page","status-publish","hentry"],"_links":{"self":[{"href":"https:\/\/sistecopy.com\/index.php?rest_route=\/wp\/v2\/pages\/23","targetHints":{"allow":["GET"]}}],"collection":[{"href":"https:\/\/sistecopy.com\/index.php?rest_route=\/wp\/v2\/pages"}],"about":[{"href":"https:\/\/sistecopy.com\/index.php?rest_route=\/wp\/v2\/types\/page"}],"author":[{"embeddable":true,"href":"https:\/\/sistecopy.com\/index.php?rest_route=\/wp\/v2\/users\/1"}],"replies":[{"embeddable":true,"href":"https:\/\/sistecopy.com\/index.php?rest_route=%2Fwp%2Fv2%2Fcomments&post=23"}],"version-history":[{"count":2,"href":"https:\/\/sistecopy.com\/index.php?rest_route=\/wp\/v2\/pages\/23\/revisions"}],"predecessor-version":[{"id":176,"href":"https:\/\/sistecopy.com\/index.php?rest_route=\/wp\/v2\/pages\/23\/revisions\/176"}],"wp:attachment":[{"href":"https:\/\/sistecopy.com\/index.php?rest_route=%2Fwp%2Fv2%2Fmedia&parent=23"}],"curies":[{"name":"wp","href":"https:\/\/api.w.org\/{rel}","templated":true}]}}