{"id":21,"date":"2015-10-06T14:59:30","date_gmt":"2015-10-06T14:59:30","guid":{"rendered":"http:\/\/enlainternet2.com\/sistecopy\/?page_id=21"},"modified":"2016-06-07T20:01:44","modified_gmt":"2016-06-07T20:01:44","slug":"impresion-bajo-demanda","status":"publish","type":"page","link":"https:\/\/sistecopy.com\/?page_id=21","title":{"rendered":"IMPRESI\u00d3N BAJO DEMANDA"},"content":{"rendered":"<p style=\"text-align: justify;\">Sistecopy es un centro de soluciones impresas y digitales que abarca un amplio servicio en productos de impresi\u00f3n enfocados a la educaci\u00f3n y empresas corporativas medianas y peque\u00f1as, generando soluciones gr\u00e1ficas que hacen m\u00e1s productiva y eficiente a su empresa o instituci\u00f3n.<\/p>\n<p>En nuestro sistema de impresi\u00f3n bajo demanda brindamos los siguientes servicios:<\/p>\n<ul>\n<li style=\"text-align: justify;\">Copias l\u00e1ser a color y en blanco\/negro.<\/li>\n<li style=\"text-align: justify;\">Copias, reducciones y ampliaciones de planos.<\/li>\n<li style=\"text-align: justify;\">Escaneo o digitalizaci\u00f3n de im\u00e1genes a color y en blanco\/negro.<\/li>\n<li style=\"text-align: justify;\">Terminados.<\/li>\n<li style=\"text-align: justify;\">Manuales, libros, instructivos y cat\u00e1logos bajo demanda (impresi\u00f3n l\u00e1ser a alta velocidad, que compagina, encuaderna y maneja datos variables).<\/li>\n<\/ul>\n<p>&nbsp;<\/p>\n<h5>Nuestros productos y servicios<\/h5>\n<p>&nbsp;<\/p>\n<div class=\"su-row\"><div class=\"su-column su-column-size-1-3\"><div class=\"su-column-inner su-u-clearfix su-u-trim\">\n<p><img loading=\"lazy\" decoding=\"async\" class=\"alignnone size-full wp-image-63\" src=\"https:\/\/sistecopy.com\/wp-content\/uploads\/2015\/10\/copias.jpg\" alt=\"copias\" width=\"400\" height=\"400\" srcset=\"https:\/\/sistecopy.com\/wp-content\/uploads\/2015\/10\/copias.jpg 400w, https:\/\/sistecopy.com\/wp-content\/uploads\/2015\/10\/copias-150x150.jpg 150w, https:\/\/sistecopy.com\/wp-content\/uploads\/2015\/10\/copias-300x300.jpg 300w, https:\/\/sistecopy.com\/wp-content\/uploads\/2015\/10\/copias-230x230.jpg 230w\" sizes=\"auto, (max-width: 400px) 100vw, 400px\" \/><\/p>\n<\/div><\/div>\n<div class=\"su-column su-column-size-1-3\"><div class=\"su-column-inner su-u-clearfix su-u-trim\">\n<p><img loading=\"lazy\" decoding=\"async\" class=\"alignnone size-full wp-image-64\" src=\"https:\/\/sistecopy.com\/wp-content\/uploads\/2015\/10\/digitalizacion.jpg\" alt=\"digitalizacion\" width=\"400\" height=\"400\" srcset=\"https:\/\/sistecopy.com\/wp-content\/uploads\/2015\/10\/digitalizacion.jpg 400w, https:\/\/sistecopy.com\/wp-content\/uploads\/2015\/10\/digitalizacion-150x150.jpg 150w, https:\/\/sistecopy.com\/wp-content\/uploads\/2015\/10\/digitalizacion-300x300.jpg 300w, https:\/\/sistecopy.com\/wp-content\/uploads\/2015\/10\/digitalizacion-230x230.jpg 230w\" sizes=\"auto, (max-width: 400px) 100vw, 400px\" \/><\/p>\n<\/div><\/div>\n<div class=\"su-column su-column-size-1-3\"><div class=\"su-column-inner su-u-clearfix su-u-trim\">\n<p><img loading=\"lazy\" decoding=\"async\" class=\"alignnone size-full wp-image-65\" src=\"https:\/\/sistecopy.com\/wp-content\/uploads\/2015\/10\/libros.jpg\" alt=\"libros\" width=\"400\" height=\"400\" srcset=\"https:\/\/sistecopy.com\/wp-content\/uploads\/2015\/10\/libros.jpg 400w, https:\/\/sistecopy.com\/wp-content\/uploads\/2015\/10\/libros-150x150.jpg 150w, https:\/\/sistecopy.com\/wp-content\/uploads\/2015\/10\/libros-300x300.jpg 300w, https:\/\/sistecopy.com\/wp-content\/uploads\/2015\/10\/libros-230x230.jpg 230w\" sizes=\"auto, (max-width: 400px) 100vw, 400px\" \/><\/p>\n<\/div><\/div> <\/div>\n<hr \/>\n<p>&nbsp;<\/p>\n<div class=\"su-row\"><div class=\"su-column su-column-size-1-3\"><div class=\"su-column-inner su-u-clearfix su-u-trim\">\n<p><img loading=\"lazy\" decoding=\"async\" class=\"alignnone size-full wp-image-66\" src=\"https:\/\/sistecopy.com\/wp-content\/uploads\/2015\/10\/planos.jpg\" alt=\"planos\" width=\"400\" height=\"400\" srcset=\"https:\/\/sistecopy.com\/wp-content\/uploads\/2015\/10\/planos.jpg 400w, https:\/\/sistecopy.com\/wp-content\/uploads\/2015\/10\/planos-150x150.jpg 150w, https:\/\/sistecopy.com\/wp-content\/uploads\/2015\/10\/planos-300x300.jpg 300w, https:\/\/sistecopy.com\/wp-content\/uploads\/2015\/10\/planos-230x230.jpg 230w\" sizes=\"auto, (max-width: 400px) 100vw, 400px\" \/><\/p>\n<\/div><\/div>\n<div class=\"su-column su-column-size-1-3\"><div class=\"su-column-inner su-u-clearfix su-u-trim\">\n<p><img loading=\"lazy\" decoding=\"async\" class=\"alignnone size-full wp-image-67\" src=\"https:\/\/sistecopy.com\/wp-content\/uploads\/2015\/10\/dipticos.jpg\" alt=\"dipticos\" width=\"400\" height=\"400\" srcset=\"https:\/\/sistecopy.com\/wp-content\/uploads\/2015\/10\/dipticos.jpg 400w, https:\/\/sistecopy.com\/wp-content\/uploads\/2015\/10\/dipticos-150x150.jpg 150w, https:\/\/sistecopy.com\/wp-content\/uploads\/2015\/10\/dipticos-300x300.jpg 300w, https:\/\/sistecopy.com\/wp-content\/uploads\/2015\/10\/dipticos-230x230.jpg 230w\" sizes=\"auto, (max-width: 400px) 100vw, 400px\" \/><\/p>\n<\/div><\/div>\n<div class=\"su-column su-column-size-1-3\"><div class=\"su-column-inner su-u-clearfix su-u-trim\">\n<p><img loading=\"lazy\" decoding=\"async\" class=\"alignnone size-full wp-image-68\" src=\"https:\/\/sistecopy.com\/wp-content\/uploads\/2015\/10\/tripticos.jpg\" alt=\"tripticos\" width=\"400\" height=\"400\" srcset=\"https:\/\/sistecopy.com\/wp-content\/uploads\/2015\/10\/tripticos.jpg 400w, https:\/\/sistecopy.com\/wp-content\/uploads\/2015\/10\/tripticos-150x150.jpg 150w, https:\/\/sistecopy.com\/wp-content\/uploads\/2015\/10\/tripticos-300x300.jpg 300w, https:\/\/sistecopy.com\/wp-content\/uploads\/2015\/10\/tripticos-230x230.jpg 230w\" sizes=\"auto, (max-width: 400px) 100vw, 400px\" \/><\/p>\n<\/div><\/div> <\/div>\n<hr \/>\n<p>&nbsp;<\/p>\n<div class=\"su-row\"><div class=\"su-column su-column-size-1-3\"><div class=\"su-column-inner su-u-clearfix su-u-trim\">\n<p><img loading=\"lazy\" decoding=\"async\" class=\"alignnone size-full wp-image-69\" src=\"https:\/\/sistecopy.com\/wp-content\/uploads\/2015\/10\/posters.jpg\" alt=\"posters\" width=\"400\" height=\"400\" srcset=\"https:\/\/sistecopy.com\/wp-content\/uploads\/2015\/10\/posters.jpg 400w, https:\/\/sistecopy.com\/wp-content\/uploads\/2015\/10\/posters-150x150.jpg 150w, https:\/\/sistecopy.com\/wp-content\/uploads\/2015\/10\/posters-300x300.jpg 300w, https:\/\/sistecopy.com\/wp-content\/uploads\/2015\/10\/posters-230x230.jpg 230w\" sizes=\"auto, (max-width: 400px) 100vw, 400px\" \/><\/p>\n<\/div><\/div>\n<div class=\"su-column su-column-size-1-3\"><div class=\"su-column-inner su-u-clearfix su-u-trim\">\n<p><img loading=\"lazy\" decoding=\"async\" class=\"alignnone size-full wp-image-70\" src=\"https:\/\/sistecopy.com\/wp-content\/uploads\/2015\/10\/tarjetas.jpg\" alt=\"tarjetas\" width=\"400\" height=\"400\" srcset=\"https:\/\/sistecopy.com\/wp-content\/uploads\/2015\/10\/tarjetas.jpg 400w, https:\/\/sistecopy.com\/wp-content\/uploads\/2015\/10\/tarjetas-150x150.jpg 150w, https:\/\/sistecopy.com\/wp-content\/uploads\/2015\/10\/tarjetas-300x300.jpg 300w, https:\/\/sistecopy.com\/wp-content\/uploads\/2015\/10\/tarjetas-230x230.jpg 230w\" sizes=\"auto, (max-width: 400px) 100vw, 400px\" \/><\/p>\n<\/div><\/div>\n<div class=\"su-column su-column-size-1-3\"><div class=\"su-column-inner su-u-clearfix su-u-trim\">\n<p><img loading=\"lazy\" decoding=\"async\" class=\"alignnone size-full wp-image-71\" src=\"https:\/\/sistecopy.com\/wp-content\/uploads\/2015\/10\/etiquetas.jpg\" alt=\"etiquetas\" width=\"400\" height=\"400\" srcset=\"https:\/\/sistecopy.com\/wp-content\/uploads\/2015\/10\/etiquetas.jpg 400w, https:\/\/sistecopy.com\/wp-content\/uploads\/2015\/10\/etiquetas-150x150.jpg 150w, https:\/\/sistecopy.com\/wp-content\/uploads\/2015\/10\/etiquetas-300x300.jpg 300w, https:\/\/sistecopy.com\/wp-content\/uploads\/2015\/10\/etiquetas-230x230.jpg 230w\" sizes=\"auto, (max-width: 400px) 100vw, 400px\" \/><\/p>\n<\/div><\/div> <\/div>\n<hr \/>\n<p>&nbsp;<\/p>\n<div class=\"su-row\"><div class=\"su-column su-column-size-1-3\"><div class=\"su-column-inner su-u-clearfix su-u-trim\">\n<p><img loading=\"lazy\" decoding=\"async\" class=\"alignnone size-full wp-image-72\" src=\"https:\/\/sistecopy.com\/wp-content\/uploads\/2015\/10\/folletos.jpg\" alt=\"folletos\" width=\"400\" height=\"400\" srcset=\"https:\/\/sistecopy.com\/wp-content\/uploads\/2015\/10\/folletos.jpg 400w, https:\/\/sistecopy.com\/wp-content\/uploads\/2015\/10\/folletos-150x150.jpg 150w, https:\/\/sistecopy.com\/wp-content\/uploads\/2015\/10\/folletos-300x300.jpg 300w, https:\/\/sistecopy.com\/wp-content\/uploads\/2015\/10\/folletos-230x230.jpg 230w\" sizes=\"auto, (max-width: 400px) 100vw, 400px\" \/><\/p>\n<\/div><\/div>\n<div class=\"su-column su-column-size-1-3\"><div class=\"su-column-inner su-u-clearfix su-u-trim\">\n<p><img loading=\"lazy\" decoding=\"async\" class=\"alignnone size-full wp-image-73\" src=\"http:\/\/enlainternet2.com\/sistecopy\/wp-content\/uploads\/2015\/10\/catalogos.jpg\" alt=\"catalogos\" width=\"400\" height=\"400\" srcset=\"https:\/\/sistecopy.com\/wp-content\/uploads\/2015\/10\/catalogos.jpg 400w, https:\/\/sistecopy.com\/wp-content\/uploads\/2015\/10\/catalogos-150x150.jpg 150w, https:\/\/sistecopy.com\/wp-content\/uploads\/2015\/10\/catalogos-300x300.jpg 300w, https:\/\/sistecopy.com\/wp-content\/uploads\/2015\/10\/catalogos-230x230.jpg 230w\" sizes=\"auto, (max-width: 400px) 100vw, 400px\" \/><\/p>\n<\/div><\/div>\n<div class=\"su-column su-column-size-1-3\"><div class=\"su-column-inner su-u-clearfix su-u-trim\">\n<p><img loading=\"lazy\" decoding=\"async\" class=\"alignnone size-full wp-image-74\" src=\"https:\/\/sistecopy.com\/wp-content\/uploads\/2015\/10\/volantes.jpg\" alt=\"volantes\" width=\"400\" height=\"400\" srcset=\"https:\/\/sistecopy.com\/wp-content\/uploads\/2015\/10\/volantes.jpg 400w, https:\/\/sistecopy.com\/wp-content\/uploads\/2015\/10\/volantes-150x150.jpg 150w, https:\/\/sistecopy.com\/wp-content\/uploads\/2015\/10\/volantes-300x300.jpg 300w, https:\/\/sistecopy.com\/wp-content\/uploads\/2015\/10\/volantes-230x230.jpg 230w\" sizes=\"auto, (max-width: 400px) 100vw, 400px\" \/><\/p>\n<\/div><\/div> <\/div>\n","protected":false},"excerpt":{"rendered":"<p>Sistecopy es un centro de soluciones impresas y digitales que abarca un amplio servicio en productos de impresi\u00f3n enfocados a la educaci\u00f3n y empresas corporativas medianas y peque\u00f1as, generando soluciones gr\u00e1ficas que hacen m\u00e1s productiva y eficiente a su empresa&hellip; <\/p>\n","protected":false},"author":1,"featured_media":0,"parent":0,"menu_order":0,"comment_status":"closed","ping_status":"closed","template":"","meta":{"footnotes":""},"class_list":["post-21","page","type-page","status-publish","hentry"],"_links":{"self":[{"href":"https:\/\/sistecopy.com\/index.php?rest_route=\/wp\/v2\/pages\/21","targetHints":{"allow":["GET"]}}],"collection":[{"href":"https:\/\/sistecopy.com\/index.php?rest_route=\/wp\/v2\/pages"}],"about":[{"href":"https:\/\/sistecopy.com\/index.php?rest_route=\/wp\/v2\/types\/page"}],"author":[{"embeddable":true,"href":"https:\/\/sistecopy.com\/index.php?rest_route=\/wp\/v2\/users\/1"}],"replies":[{"embeddable":true,"href":"https:\/\/sistecopy.com\/index.php?rest_route=%2Fwp%2Fv2%2Fcomments&post=21"}],"version-history":[{"count":2,"href":"https:\/\/sistecopy.com\/index.php?rest_route=\/wp\/v2\/pages\/21\/revisions"}],"predecessor-version":[{"id":174,"href":"https:\/\/sistecopy.com\/index.php?rest_route=\/wp\/v2\/pages\/21\/revisions\/174"}],"wp:attachment":[{"href":"https:\/\/sistecopy.com\/index.php?rest_route=%2Fwp%2Fv2%2Fmedia&parent=21"}],"curies":[{"name":"wp","href":"https:\/\/api.w.org\/{rel}","templated":true}]}}