{"id":19,"date":"2015-10-06T14:59:18","date_gmt":"2015-10-06T14:59:18","guid":{"rendered":"http:\/\/enlainternet2.com\/sistecopy\/?page_id=19"},"modified":"2016-06-07T20:03:09","modified_gmt":"2016-06-07T20:03:09","slug":"lonas-y-rigidos-gran-formato","status":"publish","type":"page","link":"https:\/\/sistecopy.com\/?page_id=19","title":{"rendered":"LONAS Y R\u00cdGIDOS (GRAN FORMATO)"},"content":{"rendered":"<div class=\"su-row\"><div class=\"su-column su-column-size-2-5\"><div class=\"su-column-inner su-u-clearfix su-u-trim\">\n<p style=\"text-align: justify;\">Nuestro sistema de impresi\u00f3n en gran formato le asegura una calidad de imagen superior e impresiones sobre sustratos r\u00edgidos y flexibles de hasta cinco cent\u00edmetros de grosor y dos metros de ancho.<\/p>\n<\/div><\/div>\n<div class=\"su-column su-column-size-3-5\"><div class=\"su-column-inner su-u-clearfix su-u-trim\">\n<p><img loading=\"lazy\" decoding=\"async\" class=\"alignnone size-full wp-image-76\" src=\"https:\/\/sistecopy.com\/wp-content\/uploads\/2015\/10\/lonasyrigidos.jpg\" alt=\"lonasyrigidos\" width=\"500\" height=\"204\" srcset=\"https:\/\/sistecopy.com\/wp-content\/uploads\/2015\/10\/lonasyrigidos.jpg 500w, https:\/\/sistecopy.com\/wp-content\/uploads\/2015\/10\/lonasyrigidos-300x122.jpg 300w\" sizes=\"auto, (max-width: 500px) 100vw, 500px\" \/><\/p>\n<\/div><\/div>\n<\/div>\n<p>&nbsp;<\/p>\n<h5><strong>Nuestros productos<\/strong><\/h5>\n<p>&nbsp;<\/p>\n<div class=\"su-row\"><div class=\"su-column su-column-size-1-3\"><div class=\"su-column-inner su-u-clearfix su-u-trim\">\n<p><img loading=\"lazy\" decoding=\"async\" class=\"alignnone size-full wp-image-82\" src=\"https:\/\/sistecopy.com\/wp-content\/uploads\/2015\/10\/lona-front.jpg\" alt=\"lona-front\" width=\"400\" height=\"400\" srcset=\"https:\/\/sistecopy.com\/wp-content\/uploads\/2015\/10\/lona-front.jpg 400w, https:\/\/sistecopy.com\/wp-content\/uploads\/2015\/10\/lona-front-150x150.jpg 150w, https:\/\/sistecopy.com\/wp-content\/uploads\/2015\/10\/lona-front-300x300.jpg 300w, https:\/\/sistecopy.com\/wp-content\/uploads\/2015\/10\/lona-front-230x230.jpg 230w\" sizes=\"auto, (max-width: 400px) 100vw, 400px\" \/><\/p>\n<\/div><\/div>\n<div class=\"su-column su-column-size-1-3\"><div class=\"su-column-inner su-u-clearfix su-u-trim\">\n<p><img loading=\"lazy\" decoding=\"async\" class=\"alignnone size-full wp-image-83\" src=\"https:\/\/sistecopy.com\/wp-content\/uploads\/2015\/10\/lona-traslucida.jpg\" alt=\"lona-traslucida\" width=\"400\" height=\"400\" srcset=\"https:\/\/sistecopy.com\/wp-content\/uploads\/2015\/10\/lona-traslucida.jpg 400w, https:\/\/sistecopy.com\/wp-content\/uploads\/2015\/10\/lona-traslucida-150x150.jpg 150w, https:\/\/sistecopy.com\/wp-content\/uploads\/2015\/10\/lona-traslucida-300x300.jpg 300w, https:\/\/sistecopy.com\/wp-content\/uploads\/2015\/10\/lona-traslucida-230x230.jpg 230w\" sizes=\"auto, (max-width: 400px) 100vw, 400px\" \/><\/p>\n<\/div><\/div>\n<div class=\"su-column su-column-size-1-3\"><div class=\"su-column-inner su-u-clearfix su-u-trim\">\n<p><img loading=\"lazy\" decoding=\"async\" class=\"alignnone size-full wp-image-84\" src=\"https:\/\/sistecopy.com\/wp-content\/uploads\/2015\/10\/lona-mesh.jpg\" alt=\"lona-mesh\" width=\"400\" height=\"400\" srcset=\"https:\/\/sistecopy.com\/wp-content\/uploads\/2015\/10\/lona-mesh.jpg 400w, https:\/\/sistecopy.com\/wp-content\/uploads\/2015\/10\/lona-mesh-150x150.jpg 150w, https:\/\/sistecopy.com\/wp-content\/uploads\/2015\/10\/lona-mesh-300x300.jpg 300w, https:\/\/sistecopy.com\/wp-content\/uploads\/2015\/10\/lona-mesh-230x230.jpg 230w\" sizes=\"auto, (max-width: 400px) 100vw, 400px\" \/><\/p>\n<\/div><\/div> <\/div>\n<hr \/>\n<p>&nbsp;<\/p>\n<div class=\"su-row\"><div class=\"su-column su-column-size-1-3\"><div class=\"su-column-inner su-u-clearfix su-u-trim\">\n<p><img loading=\"lazy\" decoding=\"async\" class=\"alignnone size-full wp-image-85\" src=\"https:\/\/sistecopy.com\/wp-content\/uploads\/2015\/10\/vinil.jpg\" alt=\"vinil\" width=\"400\" height=\"400\" srcset=\"https:\/\/sistecopy.com\/wp-content\/uploads\/2015\/10\/vinil.jpg 400w, https:\/\/sistecopy.com\/wp-content\/uploads\/2015\/10\/vinil-150x150.jpg 150w, https:\/\/sistecopy.com\/wp-content\/uploads\/2015\/10\/vinil-300x300.jpg 300w, https:\/\/sistecopy.com\/wp-content\/uploads\/2015\/10\/vinil-230x230.jpg 230w\" sizes=\"auto, (max-width: 400px) 100vw, 400px\" \/><\/p>\n<\/div><\/div>\n<div class=\"su-column su-column-size-1-3\"><div class=\"su-column-inner su-u-clearfix su-u-trim\">\n<p><img loading=\"lazy\" decoding=\"async\" class=\"alignnone size-full wp-image-86\" src=\"https:\/\/sistecopy.com\/wp-content\/uploads\/2015\/10\/microperforado.jpg\" alt=\"microperforado\" width=\"400\" height=\"400\" srcset=\"https:\/\/sistecopy.com\/wp-content\/uploads\/2015\/10\/microperforado.jpg 400w, https:\/\/sistecopy.com\/wp-content\/uploads\/2015\/10\/microperforado-150x150.jpg 150w, https:\/\/sistecopy.com\/wp-content\/uploads\/2015\/10\/microperforado-300x300.jpg 300w, https:\/\/sistecopy.com\/wp-content\/uploads\/2015\/10\/microperforado-230x230.jpg 230w\" sizes=\"auto, (max-width: 400px) 100vw, 400px\" \/><\/p>\n<\/div><\/div>\n<div class=\"su-column su-column-size-1-3\"><div class=\"su-column-inner su-u-clearfix su-u-trim\">\n<p><img loading=\"lazy\" decoding=\"async\" class=\"alignnone size-full wp-image-87\" src=\"https:\/\/sistecopy.com\/wp-content\/uploads\/2015\/10\/backlite.jpg\" alt=\"backlite\" width=\"400\" height=\"400\" srcset=\"https:\/\/sistecopy.com\/wp-content\/uploads\/2015\/10\/backlite.jpg 400w, https:\/\/sistecopy.com\/wp-content\/uploads\/2015\/10\/backlite-150x150.jpg 150w, https:\/\/sistecopy.com\/wp-content\/uploads\/2015\/10\/backlite-300x300.jpg 300w, https:\/\/sistecopy.com\/wp-content\/uploads\/2015\/10\/backlite-230x230.jpg 230w\" sizes=\"auto, (max-width: 400px) 100vw, 400px\" \/><\/p>\n<\/div><\/div> <\/div>\n<hr \/>\n<p>&nbsp;<\/p>\n<div class=\"su-row\"><div class=\"su-column su-column-size-1-3\"><div class=\"su-column-inner su-u-clearfix su-u-trim\">\n<p><img loading=\"lazy\" decoding=\"async\" class=\"alignnone size-full wp-image-88\" src=\"https:\/\/sistecopy.com\/wp-content\/uploads\/2015\/10\/floor-graphics.jpg\" alt=\"floor-graphics\" width=\"400\" height=\"400\" srcset=\"https:\/\/sistecopy.com\/wp-content\/uploads\/2015\/10\/floor-graphics.jpg 400w, https:\/\/sistecopy.com\/wp-content\/uploads\/2015\/10\/floor-graphics-150x150.jpg 150w, https:\/\/sistecopy.com\/wp-content\/uploads\/2015\/10\/floor-graphics-300x300.jpg 300w, https:\/\/sistecopy.com\/wp-content\/uploads\/2015\/10\/floor-graphics-230x230.jpg 230w\" sizes=\"auto, (max-width: 400px) 100vw, 400px\" \/><\/p>\n<\/div><\/div>\n<div class=\"su-column su-column-size-1-3\"><div class=\"su-column-inner su-u-clearfix su-u-trim\">\n<p><img loading=\"lazy\" decoding=\"async\" class=\"alignnone size-full wp-image-168\" src=\"https:\/\/sistecopy.com\/wp-content\/uploads\/2015\/10\/tovicel.jpg\" alt=\"tovicel\" width=\"400\" height=\"400\" srcset=\"https:\/\/sistecopy.com\/wp-content\/uploads\/2015\/10\/tovicel.jpg 400w, https:\/\/sistecopy.com\/wp-content\/uploads\/2015\/10\/tovicel-150x150.jpg 150w, https:\/\/sistecopy.com\/wp-content\/uploads\/2015\/10\/tovicel-300x300.jpg 300w, https:\/\/sistecopy.com\/wp-content\/uploads\/2015\/10\/tovicel-230x230.jpg 230w\" sizes=\"auto, (max-width: 400px) 100vw, 400px\" \/><\/p>\n<\/div><\/div>\n<div class=\"su-column su-column-size-1-3\"><div class=\"su-column-inner su-u-clearfix su-u-trim\">\n<p><img loading=\"lazy\" decoding=\"async\" class=\"alignnone size-full wp-image-90\" src=\"https:\/\/sistecopy.com\/wp-content\/uploads\/2015\/10\/foamboard.jpg\" alt=\"foamboard\" width=\"400\" height=\"400\" srcset=\"https:\/\/sistecopy.com\/wp-content\/uploads\/2015\/10\/foamboard.jpg 400w, https:\/\/sistecopy.com\/wp-content\/uploads\/2015\/10\/foamboard-150x150.jpg 150w, https:\/\/sistecopy.com\/wp-content\/uploads\/2015\/10\/foamboard-300x300.jpg 300w, https:\/\/sistecopy.com\/wp-content\/uploads\/2015\/10\/foamboard-230x230.jpg 230w\" sizes=\"auto, (max-width: 400px) 100vw, 400px\" \/><\/p>\n<\/div><\/div> <\/div>\n<hr \/>\n<p>&nbsp;<\/p>\n<div class=\"su-row\"><div class=\"su-column su-column-size-1-3\"><div class=\"su-column-inner su-u-clearfix su-u-trim\">\n<p>&nbsp;<\/p>\n<\/div><\/div>\n<div class=\"su-column su-column-size-1-3\"><div class=\"su-column-inner su-u-clearfix su-u-trim\">\n<p><img loading=\"lazy\" decoding=\"async\" class=\"alignnone size-full wp-image-91\" src=\"https:\/\/sistecopy.com\/wp-content\/uploads\/2015\/10\/coroplast.jpg\" alt=\"coroplast\" width=\"400\" height=\"400\" srcset=\"https:\/\/sistecopy.com\/wp-content\/uploads\/2015\/10\/coroplast.jpg 400w, https:\/\/sistecopy.com\/wp-content\/uploads\/2015\/10\/coroplast-150x150.jpg 150w, https:\/\/sistecopy.com\/wp-content\/uploads\/2015\/10\/coroplast-300x300.jpg 300w, https:\/\/sistecopy.com\/wp-content\/uploads\/2015\/10\/coroplast-230x230.jpg 230w\" sizes=\"auto, (max-width: 400px) 100vw, 400px\" \/><\/p>\n<\/div><\/div>\n<div class=\"su-column su-column-size-1-3\"><div class=\"su-column-inner su-u-clearfix su-u-trim\">\n<p>&nbsp;<\/p>\n<\/div><\/div> <\/div>\n","protected":false},"excerpt":{"rendered":"<p>&nbsp; Nuestros productos &nbsp; &nbsp; &nbsp; &nbsp;<\/p>\n","protected":false},"author":1,"featured_media":0,"parent":0,"menu_order":0,"comment_status":"closed","ping_status":"closed","template":"","meta":{"footnotes":""},"class_list":["post-19","page","type-page","status-publish","hentry"],"_links":{"self":[{"href":"https:\/\/sistecopy.com\/index.php?rest_route=\/wp\/v2\/pages\/19","targetHints":{"allow":["GET"]}}],"collection":[{"href":"https:\/\/sistecopy.com\/index.php?rest_route=\/wp\/v2\/pages"}],"about":[{"href":"https:\/\/sistecopy.com\/index.php?rest_route=\/wp\/v2\/types\/page"}],"author":[{"embeddable":true,"href":"https:\/\/sistecopy.com\/index.php?rest_route=\/wp\/v2\/users\/1"}],"replies":[{"embeddable":true,"href":"https:\/\/sistecopy.com\/index.php?rest_route=%2Fwp%2Fv2%2Fcomments&post=19"}],"version-history":[{"count":1,"href":"https:\/\/sistecopy.com\/index.php?rest_route=\/wp\/v2\/pages\/19\/revisions"}],"predecessor-version":[{"id":175,"href":"https:\/\/sistecopy.com\/index.php?rest_route=\/wp\/v2\/pages\/19\/revisions\/175"}],"wp:attachment":[{"href":"https:\/\/sistecopy.com\/index.php?rest_route=%2Fwp%2Fv2%2Fmedia&parent=19"}],"curies":[{"name":"wp","href":"https:\/\/api.w.org\/{rel}","templated":true}]}}