{"id":13,"date":"2015-10-06T14:52:48","date_gmt":"2015-10-06T14:52:48","guid":{"rendered":"http:\/\/enlainternet2.com\/sistecopy\/?page_id=13"},"modified":"2016-06-07T20:00:17","modified_gmt":"2016-06-07T20:00:17","slug":"contacto","status":"publish","type":"page","link":"https:\/\/sistecopy.com\/?page_id=13","title":{"rendered":"CONTACTO"},"content":{"rendered":"<div class=\"su-row\"><div class=\"su-column su-column-size-2-5\"><div class=\"su-column-inner su-u-clearfix su-u-trim\">\n<p><iframe loading=\"lazy\" style=\"border: 0;\" src=\"https:\/\/www.google.com\/maps\/embed?pb=!1m18!1m12!1m3!1d3732.3705667070767!2d-103.3496821!3d20.6951716!2m3!1f0!2f0!3f0!3m2!1i1024!2i768!4f13.1!3m3!1m2!1s0x8428b1db7be134e1%3A0xb45305604ed4220f!2sSISTECOPY!5e0!3m2!1ses-419!2smx!4v1444228465272\" width=\"300\" height=\"250\" frameborder=\"0\" allowfullscreen=\"allowfullscreen\"><\/iframe><\/p>\n<\/div><\/div>\n<div class=\"su-column su-column-size-3-5\"><div class=\"su-column-inner su-u-clearfix su-u-trim\">\n<div class=\"su-table su-table-alternate\">\n<table>\n<tbody>\n<tr>\n<td><img loading=\"lazy\" decoding=\"async\" class=\"alignnone wp-image-109\" src=\"https:\/\/sistecopy.com\/wp-content\/uploads\/2015\/10\/TEL.jpg\" alt=\"TEL\" width=\"30\" height=\"40\" \/><\/td>\n<td>\n<h5>Tel: (01-33) 38 24 69 00<\/h5>\n<\/td>\n<\/tr>\n<tr>\n<td><img loading=\"lazy\" decoding=\"async\" class=\"alignnone wp-image-110\" src=\"https:\/\/sistecopy.com\/wp-content\/uploads\/2015\/10\/MAIL.jpg\" alt=\"MAIL\" width=\"30\" height=\"30\" \/><\/td>\n<td>\n<h5>lanormal@sistecopy.com<\/h5>\n<\/td>\n<\/tr>\n<tr>\n<td><img loading=\"lazy\" decoding=\"async\" class=\"alignnone wp-image-111\" src=\"https:\/\/sistecopy.com\/wp-content\/uploads\/2015\/10\/PAGINA.jpg\" alt=\"PAGINA\" width=\"30\" height=\"30\" \/><\/td>\n<td>\n<h5>www.sistecopy.com<\/h5>\n<\/td>\n<\/tr>\n<tr>\n<td><img loading=\"lazy\" decoding=\"async\" class=\"alignnone wp-image-112\" src=\"https:\/\/sistecopy.com\/wp-content\/uploads\/2015\/10\/WHAT.jpg\" alt=\"WHAT\" width=\"30\" height=\"30\" \/><\/td>\n<td>\n<h5>33 1409 5387<\/h5>\n<\/td>\n<\/tr>\n<tr>\n<td><a href=\"https:\/\/www.facebook.com\/Sistecopy-1643993112513729\/\" target=\"_blank\"><img loading=\"lazy\" decoding=\"async\" class=\"alignnone wp-image-113\" src=\"https:\/\/sistecopy.com\/wp-content\/uploads\/2015\/10\/FACE.jpg\" alt=\"FACE\" width=\"30\" height=\"30\" \/><\/a><\/td>\n<td>\n<h5><a href=\"https:\/\/www.facebook.com\/Sistecopy-1643993112513729\/\" target=\"_blank\">Sistecopy<\/a><\/h5>\n<\/td>\n<\/tr>\n<\/tbody>\n<\/table>\n<\/div>\n<\/div><\/div>\n<\/div>\n<h5>Avenida \u00c1vila Camacho No. 1275, Local 9 y 10,<br \/>\nColonia Miraflores<br \/>\nC.P. 44270, Guadalajara, Jalisco, M\u00e9xico<br \/>\n(Centro Comercial La Normal, a un costado de Cin\u00e9polis)<\/h5>\n","protected":false},"excerpt":{"rendered":"<p>Avenida \u00c1vila Camacho No. 1275, Local 9 y 10, Colonia Miraflores C.P. 44270, Guadalajara, Jalisco, M\u00e9xico (Centro Comercial La Normal, a un costado de Cin\u00e9polis)<\/p>\n","protected":false},"author":1,"featured_media":0,"parent":0,"menu_order":0,"comment_status":"closed","ping_status":"closed","template":"","meta":{"footnotes":""},"class_list":["post-13","page","type-page","status-publish","hentry"],"_links":{"self":[{"href":"https:\/\/sistecopy.com\/index.php?rest_route=\/wp\/v2\/pages\/13","targetHints":{"allow":["GET"]}}],"collection":[{"href":"https:\/\/sistecopy.com\/index.php?rest_route=\/wp\/v2\/pages"}],"about":[{"href":"https:\/\/sistecopy.com\/index.php?rest_route=\/wp\/v2\/types\/page"}],"author":[{"embeddable":true,"href":"https:\/\/sistecopy.com\/index.php?rest_route=\/wp\/v2\/users\/1"}],"replies":[{"embeddable":true,"href":"https:\/\/sistecopy.com\/index.php?rest_route=%2Fwp%2Fv2%2Fcomments&post=13"}],"version-history":[{"count":2,"href":"https:\/\/sistecopy.com\/index.php?rest_route=\/wp\/v2\/pages\/13\/revisions"}],"predecessor-version":[{"id":173,"href":"https:\/\/sistecopy.com\/index.php?rest_route=\/wp\/v2\/pages\/13\/revisions\/173"}],"wp:attachment":[{"href":"https:\/\/sistecopy.com\/index.php?rest_route=%2Fwp%2Fv2%2Fmedia&parent=13"}],"curies":[{"name":"wp","href":"https:\/\/api.w.org\/{rel}","templated":true}]}}